{"id":4061,"date":"2023-12-08T23:17:37","date_gmt":"2023-12-08T23:17:37","guid":{"rendered":"https:\/\/podomonshop.com\/?post_type=product&#038;p=4061"},"modified":"2023-12-09T20:42:19","modified_gmt":"2023-12-09T20:42:19","slug":"sudadera-corazon-y-columna-version-1","status":"publish","type":"product","link":"https:\/\/podomonshop.com\/index.php\/product\/sudadera-corazon-y-columna-version-1\/","title":{"rendered":"Sudadera \u00abCORAZ\u00d3N Y COLUMNA\u00bb versi\u00f3n 1 unisex"},"content":{"rendered":"<p>Sudadera unisex sin gorro color #F6F6D9 en tu escala de colores de windows con coraz\u00f3n de acuarela en la parte delantera y columna de acuarela en la parte posterior.<\/p>\n<p>Tejido de algod\u00f3n 100%. Tallas unisex. Gu\u00eda de tallas en im\u00e1genes. Para tallas 2XL y 3XL ponte en contacto conmigo.<\/p>\n<p>*Si no hay stock, av\u00edsame por wathapp o instagram (@podomonshop) y te lo preparo lo antes posible.<\/p>\n","protected":false},"excerpt":{"rendered":"<p>Sudadera unisex sin gorro color #F6F6D9 en tu escala de colores de windows con coraz\u00f3n de acuarela en la parte delantera y columna de acuarela en la parte posterior. Tejido de algod\u00f3n 100%. Tallas unisex. Gu\u00eda de tallas en im\u00e1genes. Para tallas 2XL y 3XL ponte en contacto conmigo. *Si no hay stock, av\u00edsame por [&hellip;]<\/p>\n","protected":false},"featured_media":4069,"comment_status":"open","ping_status":"closed","template":"","meta":{"site-sidebar-layout":"default","site-content-layout":"default","ast-site-content-layout":"default","site-content-style":"default","site-sidebar-style":"default","ast-global-header-display":"","ast-banner-title-visibility":"","ast-main-header-display":"","ast-hfb-above-header-display":"","ast-hfb-below-header-display":"","ast-hfb-mobile-header-display":"","site-post-title":"","ast-breadcrumbs-content":"","ast-featured-img":"","footer-sml-layout":"","theme-transparent-header-meta":"","adv-header-id-meta":"","stick-header-meta":"","header-above-stick-meta":"","header-main-stick-meta":"","header-below-stick-meta":"","astra-migrate-meta-layouts":"default","ast-page-background-enabled":"default","ast-page-background-meta":{"desktop":{"background-color":"","background-image":"","background-repeat":"repeat","background-position":"center center","background-size":"auto","background-attachment":"scroll","background-type":"","background-media":"","overlay-type":"","overlay-color":"","overlay-opacity":"","overlay-gradient":""},"tablet":{"background-color":"","background-image":"","background-repeat":"repeat","background-position":"center center","background-size":"auto","background-attachment":"scroll","background-type":"","background-media":"","overlay-type":"","overlay-color":"","overlay-opacity":"","overlay-gradient":""},"mobile":{"background-color":"","background-image":"","background-repeat":"repeat","background-position":"center center","background-size":"auto","background-attachment":"scroll","background-type":"","background-media":"","overlay-type":"","overlay-color":"","overlay-opacity":"","overlay-gradient":""}},"ast-content-background-meta":{"desktop":{"background-color":"var(--ast-global-color-5)","background-image":"","background-repeat":"repeat","background-position":"center center","background-size":"auto","background-attachment":"scroll","background-type":"","background-media":"","overlay-type":"","overlay-color":"","overlay-opacity":"","overlay-gradient":""},"tablet":{"background-color":"var(--ast-global-color-5)","background-image":"","background-repeat":"repeat","background-position":"center center","background-size":"auto","background-attachment":"scroll","background-type":"","background-media":"","overlay-type":"","overlay-color":"","overlay-opacity":"","overlay-gradient":""},"mobile":{"background-color":"var(--ast-global-color-5)","background-image":"","background-repeat":"repeat","background-position":"center center","background-size":"auto","background-attachment":"scroll","background-type":"","background-media":"","overlay-type":"","overlay-color":"","overlay-opacity":"","overlay-gradient":""}}},"product_brand":[],"product_cat":[70],"product_tag":[],"class_list":{"0":"post-4061","1":"product","2":"type-product","3":"status-publish","4":"has-post-thumbnail","6":"product_cat-sudaderas","7":"pa_talla-xs","8":"pa_talla-s","9":"pa_talla-m","10":"pa_talla-l","11":"pa_talla-xl","12":"pa_talla-xxl","13":"pa_talla-3xl","14":"desktop-align-left","15":"tablet-align-left","16":"mobile-align-left","18":"first","19":"instock","20":"shipping-taxable","21":"purchasable","22":"product-type-variable"},"_links":{"self":[{"href":"https:\/\/podomonshop.com\/index.php\/wp-json\/wp\/v2\/product\/4061","targetHints":{"allow":["GET"]}}],"collection":[{"href":"https:\/\/podomonshop.com\/index.php\/wp-json\/wp\/v2\/product"}],"about":[{"href":"https:\/\/podomonshop.com\/index.php\/wp-json\/wp\/v2\/types\/product"}],"replies":[{"embeddable":true,"href":"https:\/\/podomonshop.com\/index.php\/wp-json\/wp\/v2\/comments?post=4061"}],"version-history":[{"count":2,"href":"https:\/\/podomonshop.com\/index.php\/wp-json\/wp\/v2\/product\/4061\/revisions"}],"predecessor-version":[{"id":4072,"href":"https:\/\/podomonshop.com\/index.php\/wp-json\/wp\/v2\/product\/4061\/revisions\/4072"}],"wp:featuredmedia":[{"embeddable":true,"href":"https:\/\/podomonshop.com\/index.php\/wp-json\/wp\/v2\/media\/4069"}],"wp:attachment":[{"href":"https:\/\/podomonshop.com\/index.php\/wp-json\/wp\/v2\/media?parent=4061"}],"wp:term":[{"taxonomy":"product_brand","embeddable":true,"href":"https:\/\/podomonshop.com\/index.php\/wp-json\/wp\/v2\/product_brand?post=4061"},{"taxonomy":"product_cat","embeddable":true,"href":"https:\/\/podomonshop.com\/index.php\/wp-json\/wp\/v2\/product_cat?post=4061"},{"taxonomy":"product_tag","embeddable":true,"href":"https:\/\/podomonshop.com\/index.php\/wp-json\/wp\/v2\/product_tag?post=4061"}],"curies":[{"name":"wp","href":"https:\/\/api.w.org\/{rel}","templated":true}]}}