{"id":4048,"date":"2023-12-08T22:06:20","date_gmt":"2023-12-08T22:06:20","guid":{"rendered":"https:\/\/podomonshop.com\/?post_type=product&#038;p=4048"},"modified":"2023-12-09T20:41:42","modified_gmt":"2023-12-09T20:41:42","slug":"sudadera-si-me-quereis-irse-al-podolog-color-rojo","status":"publish","type":"product","link":"https:\/\/podomonshop.com\/index.php\/product\/sudadera-si-me-quereis-irse-al-podolog-color-rojo\/","title":{"rendered":"Sudadera \u00abSI ME QUER\u00c9IS IRSE AL POD\u00d3LOG@\u00bb color rojo unisex"},"content":{"rendered":"<p>Esta sudadera flamenquita para hombre o mujer es el regalo perfecto para crear conciencia en la sociedad del trabajo de los pod\u00f3logos. Adem\u00e1s si se la regalas a alguien y NO va al pod\u00f3logo en un plazo m\u00e1ximo de 3 d\u00edas, sabr\u00e1s que esa persona no te quiere y podr\u00e1s desheredarla inmediatamente.<\/p>\n<p>Tejido de algod\u00f3n 100%. Tallas unisex. Gu\u00eda de tallas en im\u00e1genes. Para tallas 2XL y 3XL ponte en contacto conmigo.<\/p>\n<p>*Si no hay stock, av\u00edsame por wathapp o instagram (@podomonshop) y te lo preparo lo antes posible.<\/p>\n","protected":false},"excerpt":{"rendered":"<p>Esta sudadera flamenquita para hombre o mujer es el regalo perfecto para crear conciencia en la sociedad del trabajo de los pod\u00f3logos. Adem\u00e1s si se la regalas a alguien y NO va al pod\u00f3logo en un plazo m\u00e1ximo de 3 d\u00edas, sabr\u00e1s que esa persona no te quiere y podr\u00e1s desheredarla inmediatamente. Tejido de algod\u00f3n [&hellip;]<\/p>\n","protected":false},"featured_media":4056,"comment_status":"open","ping_status":"closed","template":"","meta":{"site-sidebar-layout":"default","site-content-layout":"default","ast-site-content-layout":"default","site-content-style":"default","site-sidebar-style":"default","ast-global-header-display":"","ast-banner-title-visibility":"","ast-main-header-display":"","ast-hfb-above-header-display":"","ast-hfb-below-header-display":"","ast-hfb-mobile-header-display":"","site-post-title":"","ast-breadcrumbs-content":"","ast-featured-img":"","footer-sml-layout":"","theme-transparent-header-meta":"","adv-header-id-meta":"","stick-header-meta":"","header-above-stick-meta":"","header-main-stick-meta":"","header-below-stick-meta":"","astra-migrate-meta-layouts":"default","ast-page-background-enabled":"default","ast-page-background-meta":{"desktop":{"background-color":"","background-image":"","background-repeat":"repeat","background-position":"center center","background-size":"auto","background-attachment":"scroll","background-type":"","background-media":"","overlay-type":"","overlay-color":"","overlay-opacity":"","overlay-gradient":""},"tablet":{"background-color":"","background-image":"","background-repeat":"repeat","background-position":"center center","background-size":"auto","background-attachment":"scroll","background-type":"","background-media":"","overlay-type":"","overlay-color":"","overlay-opacity":"","overlay-gradient":""},"mobile":{"background-color":"","background-image":"","background-repeat":"repeat","background-position":"center center","background-size":"auto","background-attachment":"scroll","background-type":"","background-media":"","overlay-type":"","overlay-color":"","overlay-opacity":"","overlay-gradient":""}},"ast-content-background-meta":{"desktop":{"background-color":"var(--ast-global-color-5)","background-image":"","background-repeat":"repeat","background-position":"center center","background-size":"auto","background-attachment":"scroll","background-type":"","background-media":"","overlay-type":"","overlay-color":"","overlay-opacity":"","overlay-gradient":""},"tablet":{"background-color":"var(--ast-global-color-5)","background-image":"","background-repeat":"repeat","background-position":"center center","background-size":"auto","background-attachment":"scroll","background-type":"","background-media":"","overlay-type":"","overlay-color":"","overlay-opacity":"","overlay-gradient":""},"mobile":{"background-color":"var(--ast-global-color-5)","background-image":"","background-repeat":"repeat","background-position":"center center","background-size":"auto","background-attachment":"scroll","background-type":"","background-media":"","overlay-type":"","overlay-color":"","overlay-opacity":"","overlay-gradient":""}}},"product_brand":[],"product_cat":[70],"product_tag":[],"class_list":{"0":"post-4048","1":"product","2":"type-product","3":"status-publish","4":"has-post-thumbnail","6":"product_cat-sudaderas","7":"pa_talla-xs","8":"pa_talla-s","9":"pa_talla-m","10":"pa_talla-l","11":"pa_talla-xl","12":"pa_talla-xxl","13":"pa_talla-3xl","14":"desktop-align-left","15":"tablet-align-left","16":"mobile-align-left","18":"first","19":"instock","20":"shipping-taxable","21":"purchasable","22":"product-type-variable"},"_links":{"self":[{"href":"https:\/\/podomonshop.com\/index.php\/wp-json\/wp\/v2\/product\/4048","targetHints":{"allow":["GET"]}}],"collection":[{"href":"https:\/\/podomonshop.com\/index.php\/wp-json\/wp\/v2\/product"}],"about":[{"href":"https:\/\/podomonshop.com\/index.php\/wp-json\/wp\/v2\/types\/product"}],"replies":[{"embeddable":true,"href":"https:\/\/podomonshop.com\/index.php\/wp-json\/wp\/v2\/comments?post=4048"}],"version-history":[{"count":3,"href":"https:\/\/podomonshop.com\/index.php\/wp-json\/wp\/v2\/product\/4048\/revisions"}],"predecessor-version":[{"id":4071,"href":"https:\/\/podomonshop.com\/index.php\/wp-json\/wp\/v2\/product\/4048\/revisions\/4071"}],"wp:featuredmedia":[{"embeddable":true,"href":"https:\/\/podomonshop.com\/index.php\/wp-json\/wp\/v2\/media\/4056"}],"wp:attachment":[{"href":"https:\/\/podomonshop.com\/index.php\/wp-json\/wp\/v2\/media?parent=4048"}],"wp:term":[{"taxonomy":"product_brand","embeddable":true,"href":"https:\/\/podomonshop.com\/index.php\/wp-json\/wp\/v2\/product_brand?post=4048"},{"taxonomy":"product_cat","embeddable":true,"href":"https:\/\/podomonshop.com\/index.php\/wp-json\/wp\/v2\/product_cat?post=4048"},{"taxonomy":"product_tag","embeddable":true,"href":"https:\/\/podomonshop.com\/index.php\/wp-json\/wp\/v2\/product_tag?post=4048"}],"curies":[{"name":"wp","href":"https:\/\/api.w.org\/{rel}","templated":true}]}}