{"id":3869,"date":"2023-12-05T16:30:39","date_gmt":"2023-12-05T16:30:39","guid":{"rendered":"https:\/\/podomonshop.com\/?post_type=product&#038;p=3869"},"modified":"2023-12-05T16:32:02","modified_gmt":"2023-12-05T16:32:02","slug":"taza-columnas-acuarela","status":"publish","type":"product","link":"https:\/\/podomonshop.com\/index.php\/product\/taza-columnas-acuarela\/","title":{"rendered":"Taza \u00abCOLUMNAS ACUARELA\u00bb"},"content":{"rendered":"<p>Taza de COLUMNA VERTEBRAL dise\u00f1ada en acuarela.<\/p>\n<p>Taza de cer\u00e1mica y de m\u00e1xima calidad AAA con recubrimiento ORCA acabado brillo. Superficie perfectamente uniforme, sin irregularidades en el exterior, interior y asa. Resistente al microondas y al lavavajillas durante 3.000 lavados sin p\u00e9rdida de color en el estampado.<\/p>\n<p>*Si no hay stock, av\u00edsame por wathapp o instagram (@podomonshop) y te lo preparo lo antes posible.<\/p>\n","protected":false},"excerpt":{"rendered":"<p>Taza de COLUMNA VERTEBRAL dise\u00f1ada en acuarela. Taza de cer\u00e1mica y de m\u00e1xima calidad AAA con recubrimiento ORCA acabado brillo. Superficie perfectamente uniforme, sin irregularidades en el exterior, interior y asa. Resistente al microondas y al lavavajillas durante 3.000 lavados sin p\u00e9rdida de color en el estampado. *Si no hay stock, av\u00edsame por wathapp o [&hellip;]<\/p>\n","protected":false},"featured_media":3870,"comment_status":"closed","ping_status":"closed","template":"","meta":{"site-sidebar-layout":"default","site-content-layout":"default","ast-site-content-layout":"default","site-content-style":"default","site-sidebar-style":"default","ast-global-header-display":"","ast-banner-title-visibility":"","ast-main-header-display":"","ast-hfb-above-header-display":"","ast-hfb-below-header-display":"","ast-hfb-mobile-header-display":"","site-post-title":"","ast-breadcrumbs-content":"","ast-featured-img":"","footer-sml-layout":"","theme-transparent-header-meta":"","adv-header-id-meta":"","stick-header-meta":"","header-above-stick-meta":"","header-main-stick-meta":"","header-below-stick-meta":"","astra-migrate-meta-layouts":"default","ast-page-background-enabled":"default","ast-page-background-meta":{"desktop":{"background-color":"","background-image":"","background-repeat":"repeat","background-position":"center center","background-size":"auto","background-attachment":"scroll","background-type":"","background-media":"","overlay-type":"","overlay-color":"","overlay-opacity":"","overlay-gradient":""},"tablet":{"background-color":"","background-image":"","background-repeat":"repeat","background-position":"center center","background-size":"auto","background-attachment":"scroll","background-type":"","background-media":"","overlay-type":"","overlay-color":"","overlay-opacity":"","overlay-gradient":""},"mobile":{"background-color":"","background-image":"","background-repeat":"repeat","background-position":"center center","background-size":"auto","background-attachment":"scroll","background-type":"","background-media":"","overlay-type":"","overlay-color":"","overlay-opacity":"","overlay-gradient":""}},"ast-content-background-meta":{"desktop":{"background-color":"var(--ast-global-color-5)","background-image":"","background-repeat":"repeat","background-position":"center center","background-size":"auto","background-attachment":"scroll","background-type":"","background-media":"","overlay-type":"","overlay-color":"","overlay-opacity":"","overlay-gradient":""},"tablet":{"background-color":"var(--ast-global-color-5)","background-image":"","background-repeat":"repeat","background-position":"center center","background-size":"auto","background-attachment":"scroll","background-type":"","background-media":"","overlay-type":"","overlay-color":"","overlay-opacity":"","overlay-gradient":""},"mobile":{"background-color":"var(--ast-global-color-5)","background-image":"","background-repeat":"repeat","background-position":"center center","background-size":"auto","background-attachment":"scroll","background-type":"","background-media":"","overlay-type":"","overlay-color":"","overlay-opacity":"","overlay-gradient":""}}},"product_brand":[],"product_cat":[54],"product_tag":[],"class_list":{"0":"post-3869","1":"product","2":"type-product","3":"status-publish","4":"has-post-thumbnail","6":"product_cat-tazas","7":"desktop-align-left","8":"tablet-align-left","9":"mobile-align-left","11":"first","12":"instock","13":"shipping-taxable","14":"purchasable","15":"product-type-simple"},"_links":{"self":[{"href":"https:\/\/podomonshop.com\/index.php\/wp-json\/wp\/v2\/product\/3869","targetHints":{"allow":["GET"]}}],"collection":[{"href":"https:\/\/podomonshop.com\/index.php\/wp-json\/wp\/v2\/product"}],"about":[{"href":"https:\/\/podomonshop.com\/index.php\/wp-json\/wp\/v2\/types\/product"}],"replies":[{"embeddable":true,"href":"https:\/\/podomonshop.com\/index.php\/wp-json\/wp\/v2\/comments?post=3869"}],"version-history":[{"count":1,"href":"https:\/\/podomonshop.com\/index.php\/wp-json\/wp\/v2\/product\/3869\/revisions"}],"predecessor-version":[{"id":3871,"href":"https:\/\/podomonshop.com\/index.php\/wp-json\/wp\/v2\/product\/3869\/revisions\/3871"}],"wp:featuredmedia":[{"embeddable":true,"href":"https:\/\/podomonshop.com\/index.php\/wp-json\/wp\/v2\/media\/3870"}],"wp:attachment":[{"href":"https:\/\/podomonshop.com\/index.php\/wp-json\/wp\/v2\/media?parent=3869"}],"wp:term":[{"taxonomy":"product_brand","embeddable":true,"href":"https:\/\/podomonshop.com\/index.php\/wp-json\/wp\/v2\/product_brand?post=3869"},{"taxonomy":"product_cat","embeddable":true,"href":"https:\/\/podomonshop.com\/index.php\/wp-json\/wp\/v2\/product_cat?post=3869"},{"taxonomy":"product_tag","embeddable":true,"href":"https:\/\/podomonshop.com\/index.php\/wp-json\/wp\/v2\/product_tag?post=3869"}],"curies":[{"name":"wp","href":"https:\/\/api.w.org\/{rel}","templated":true}]}}