{"id":3523,"date":"2023-05-08T21:15:48","date_gmt":"2023-05-08T21:15:48","guid":{"rendered":"https:\/\/podomonshop.com\/?post_type=product&#038;p=3523"},"modified":"2023-12-01T21:53:31","modified_gmt":"2023-12-01T21:53:31","slug":"camiseta-rambo-windlass-color-negro","status":"publish","type":"product","link":"https:\/\/podomonshop.com\/index.php\/product\/camiseta-rambo-windlass-color-negro\/","title":{"rendered":"Camiseta \u00abRAMBO WINDLASS\u00bb color negro"},"content":{"rendered":"<p>En la versi\u00f3n freak podol\u00f3gica de Rambo, el ilustre soldado no dice \u00abTeniente Dan, no siento las piernas!!\u00bb. Lo que dice claramente es \u00abno siento el mecanismo de Windlass\u00bb mientras se hace el Test de Jack rodeado de enemigos. Todos sabemos que con un Test de Jack chungo est\u00e1s j*dido en Vietnam.<\/p>\n<p>Tejido de algod\u00f3n 100%. Tallas unisex. Gu\u00eda de tallas en im\u00e1genes. Para tallas 2XL y 3XL ponte en contacto conmigo.<\/p>\n<p>*Si no hay stock, av\u00edsame por wathapp o instagram (@podomonshop) y te lo preparo lo antes posible.<\/p>\n","protected":false},"excerpt":{"rendered":"<p>En la versi\u00f3n freak podol\u00f3gica de Rambo, el ilustre soldado no dice \u00abTeniente Dan, no siento las piernas!!\u00bb. Lo que dice claramente es \u00abno siento el mecanismo de Windlass\u00bb mientras se hace el Test de Jack rodeado de enemigos. Todos sabemos que con un Test de Jack chungo est\u00e1s j*dido en Vietnam. Tejido de algod\u00f3n [&hellip;]<\/p>\n","protected":false},"featured_media":3526,"comment_status":"open","ping_status":"closed","template":"","meta":{"site-sidebar-layout":"default","site-content-layout":"default","ast-site-content-layout":"default","site-content-style":"default","site-sidebar-style":"default","ast-global-header-display":"","ast-banner-title-visibility":"","ast-main-header-display":"","ast-hfb-above-header-display":"","ast-hfb-below-header-display":"","ast-hfb-mobile-header-display":"","site-post-title":"","ast-breadcrumbs-content":"","ast-featured-img":"","footer-sml-layout":"","theme-transparent-header-meta":"","adv-header-id-meta":"","stick-header-meta":"","header-above-stick-meta":"","header-main-stick-meta":"","header-below-stick-meta":"","astra-migrate-meta-layouts":"default","ast-page-background-enabled":"default","ast-page-background-meta":{"desktop":{"background-color":"","background-image":"","background-repeat":"repeat","background-position":"center center","background-size":"auto","background-attachment":"scroll","background-type":"","background-media":"","overlay-type":"","overlay-color":"","overlay-opacity":"","overlay-gradient":""},"tablet":{"background-color":"","background-image":"","background-repeat":"repeat","background-position":"center center","background-size":"auto","background-attachment":"scroll","background-type":"","background-media":"","overlay-type":"","overlay-color":"","overlay-opacity":"","overlay-gradient":""},"mobile":{"background-color":"","background-image":"","background-repeat":"repeat","background-position":"center center","background-size":"auto","background-attachment":"scroll","background-type":"","background-media":"","overlay-type":"","overlay-color":"","overlay-opacity":"","overlay-gradient":""}},"ast-content-background-meta":{"desktop":{"background-color":"var(--ast-global-color-5)","background-image":"","background-repeat":"repeat","background-position":"center center","background-size":"auto","background-attachment":"scroll","background-type":"","background-media":"","overlay-type":"","overlay-color":"","overlay-opacity":"","overlay-gradient":""},"tablet":{"background-color":"var(--ast-global-color-5)","background-image":"","background-repeat":"repeat","background-position":"center center","background-size":"auto","background-attachment":"scroll","background-type":"","background-media":"","overlay-type":"","overlay-color":"","overlay-opacity":"","overlay-gradient":""},"mobile":{"background-color":"var(--ast-global-color-5)","background-image":"","background-repeat":"repeat","background-position":"center center","background-size":"auto","background-attachment":"scroll","background-type":"","background-media":"","overlay-type":"","overlay-color":"","overlay-opacity":"","overlay-gradient":""}}},"product_brand":[],"product_cat":[55,57],"product_tag":[],"class_list":{"0":"post-3523","1":"product","2":"type-product","3":"status-publish","4":"has-post-thumbnail","6":"product_cat-camisetas","7":"product_cat-unisex","8":"pa_talla-xs","9":"pa_talla-s","10":"pa_talla-m","11":"pa_talla-l","12":"pa_talla-xl","13":"pa_talla-xxl","14":"pa_talla-3xl","15":"desktop-align-left","16":"tablet-align-left","17":"mobile-align-left","19":"first","20":"instock","21":"shipping-taxable","22":"purchasable","23":"product-type-variable"},"_links":{"self":[{"href":"https:\/\/podomonshop.com\/index.php\/wp-json\/wp\/v2\/product\/3523","targetHints":{"allow":["GET"]}}],"collection":[{"href":"https:\/\/podomonshop.com\/index.php\/wp-json\/wp\/v2\/product"}],"about":[{"href":"https:\/\/podomonshop.com\/index.php\/wp-json\/wp\/v2\/types\/product"}],"replies":[{"embeddable":true,"href":"https:\/\/podomonshop.com\/index.php\/wp-json\/wp\/v2\/comments?post=3523"}],"version-history":[{"count":2,"href":"https:\/\/podomonshop.com\/index.php\/wp-json\/wp\/v2\/product\/3523\/revisions"}],"predecessor-version":[{"id":3736,"href":"https:\/\/podomonshop.com\/index.php\/wp-json\/wp\/v2\/product\/3523\/revisions\/3736"}],"wp:featuredmedia":[{"embeddable":true,"href":"https:\/\/podomonshop.com\/index.php\/wp-json\/wp\/v2\/media\/3526"}],"wp:attachment":[{"href":"https:\/\/podomonshop.com\/index.php\/wp-json\/wp\/v2\/media?parent=3523"}],"wp:term":[{"taxonomy":"product_brand","embeddable":true,"href":"https:\/\/podomonshop.com\/index.php\/wp-json\/wp\/v2\/product_brand?post=3523"},{"taxonomy":"product_cat","embeddable":true,"href":"https:\/\/podomonshop.com\/index.php\/wp-json\/wp\/v2\/product_cat?post=3523"},{"taxonomy":"product_tag","embeddable":true,"href":"https:\/\/podomonshop.com\/index.php\/wp-json\/wp\/v2\/product_tag?post=3523"}],"curies":[{"name":"wp","href":"https:\/\/api.w.org\/{rel}","templated":true}]}}